{"id":134,"date":"2023-05-09T18:06:55","date_gmt":"2023-05-09T16:06:55","guid":{"rendered":"http:\/\/themenectar.com\/demo\/salient-freelance-portfolio\/?page_id=134"},"modified":"2023-06-08T17:07:19","modified_gmt":"2023-06-08T15:07:19","slug":"mon-travail","status":"publish","type":"page","link":"https:\/\/quentinbarbeau.com\/index.php\/mon-travail\/","title":{"rendered":"Mon travail"},"content":{"rendered":"[vc_row type=\u00a0\u00bbin_container\u00a0\u00bb full_screen_row_position=\u00a0\u00bbmiddle\u00a0\u00bb column_margin=\u00a0\u00bbdefault\u00a0\u00bb column_direction=\u00a0\u00bbdefault\u00a0\u00bb column_direction_tablet=\u00a0\u00bbdefault\u00a0\u00bb column_direction_phone=\u00a0\u00bbdefault\u00a0\u00bb scene_position=\u00a0\u00bbcenter\u00a0\u00bb top_margin=\u00a0\u00bb6%\u00a0\u00bb constrain_group_7=\u00a0\u00bbyes\u00a0\u00bb bottom_margin=\u00a0\u00bb6%\u00a0\u00bb text_color=\u00a0\u00bbdark\u00a0\u00bb text_align=\u00a0\u00bbleft\u00a0\u00bb row_border_radius=\u00a0\u00bbnone\u00a0\u00bb row_border_radius_applies=\u00a0\u00bbbg\u00a0\u00bb overflow=\u00a0\u00bbvisible\u00a0\u00bb overlay_strength=\u00a0\u00bb0.3&Prime; gradient_direction=\u00a0\u00bbleft_to_right\u00a0\u00bb shape_divider_position=\u00a0\u00bbbottom\u00a0\u00bb bg_image_animation=\u00a0\u00bbnone\u00a0\u00bb gradient_type=\u00a0\u00bbdefault\u00a0\u00bb shape_type=\u00a0\u00bb\u00a0\u00bb][vc_column column_padding=\u00a0\u00bbno-extra-padding\u00a0\u00bb column_padding_tablet=\u00a0\u00bbinherit\u00a0\u00bb column_padding_phone=\u00a0\u00bbinherit\u00a0\u00bb column_padding_position=\u00a0\u00bball\u00a0\u00bb column_element_direction_desktop=\u00a0\u00bbdefault\u00a0\u00bb column_element_spacing=\u00a0\u00bbdefault\u00a0\u00bb desktop_text_alignment=\u00a0\u00bbdefault\u00a0\u00bb tablet_text_alignment=\u00a0\u00bbdefault\u00a0\u00bb phone_text_alignment=\u00a0\u00bbdefault\u00a0\u00bb background_color_opacity=\u00a0\u00bb1&Prime; background_hover_color_opacity=\u00a0\u00bb1&Prime; column_backdrop_filter=\u00a0\u00bbnone\u00a0\u00bb column_shadow=\u00a0\u00bbnone\u00a0\u00bb column_border_radius=\u00a0\u00bbnone\u00a0\u00bb column_link_target=\u00a0\u00bb_self\u00a0\u00bb column_position=\u00a0\u00bbdefault\u00a0\u00bb gradient_direction=\u00a0\u00bbleft_to_right\u00a0\u00bb overlay_strength=\u00a0\u00bb0.3&Prime; width=\u00a0\u00bb5\/6&Prime; tablet_width_inherit=\u00a0\u00bbdefault\u00a0\u00bb animation_type=\u00a0\u00bbdefault\u00a0\u00bb bg_image_animation=\u00a0\u00bbnone\u00a0\u00bb border_type=\u00a0\u00bbsimple\u00a0\u00bb column_border_width=\u00a0\u00bbnone\u00a0\u00bb column_border_style=\u00a0\u00bbsolid\u00a0\u00bb mask_enable=\u00a0\u00bbtrue\u00a0\u00bb mask_shape=\u00a0\u00bbcircle-bottom-right\u00a0\u00bb mask_size=\u00a0\u00bbcontain\u00a0\u00bb mask_alignment_desktop=\u00a0\u00bbright-bottom\u00a0\u00bb column_padding_type=\u00a0\u00bbdefault\u00a0\u00bb gradient_type=\u00a0\u00bbdefault\u00a0\u00bb][split_line_heading animation_type=\u00a0\u00bbline-reveal-by-space\u00a0\u00bb font_style=\u00a0\u00bbh1&Prime; text_color=\u00a0\u00bb#000000&Prime; line_reveal_by_space_text_effect=\u00a0\u00bbdefault\u00a0\u00bb content_alignment=\u00a0\u00bbdefault\u00a0\u00bb mobile_content_alignment=\u00a0\u00bbinherit\u00a0\u00bb link_target=\u00a0\u00bb_self\u00a0\u00bb text_content=\u00a0\u00bbD\u00e9couvrez mon travail \u00e0 travers diff\u00e9rentes r\u00e9alisations et comp\u00e9tences\u00a0\u00bb font_size=\u00a0\u00bb4vw\u00a0\u00bb][\/split_line_heading][\/vc_column][vc_column column_padding=\u00a0\u00bbno-extra-padding\u00a0\u00bb column_padding_tablet=\u00a0\u00bbinherit\u00a0\u00bb column_padding_phone=\u00a0\u00bbinherit\u00a0\u00bb column_padding_position=\u00a0\u00bball\u00a0\u00bb column_element_direction_desktop=\u00a0\u00bbdefault\u00a0\u00bb column_element_spacing=\u00a0\u00bbdefault\u00a0\u00bb desktop_text_alignment=\u00a0\u00bbdefault\u00a0\u00bb tablet_text_alignment=\u00a0\u00bbdefault\u00a0\u00bb phone_text_alignment=\u00a0\u00bbdefault\u00a0\u00bb background_color_opacity=\u00a0\u00bb1&Prime; background_hover_color_opacity=\u00a0\u00bb1&Prime; column_backdrop_filter=\u00a0\u00bbnone\u00a0\u00bb column_shadow=\u00a0\u00bbnone\u00a0\u00bb column_border_radius=\u00a0\u00bbnone\u00a0\u00bb column_link_target=\u00a0\u00bb_self\u00a0\u00bb column_position=\u00a0\u00bbdefault\u00a0\u00bb gradient_direction=\u00a0\u00bbleft_to_right\u00a0\u00bb overlay_strength=\u00a0\u00bb0.3&Prime; width=\u00a0\u00bb1\/6&Prime; tablet_width_inherit=\u00a0\u00bbdefault\u00a0\u00bb animation_type=\u00a0\u00bbdefault\u00a0\u00bb bg_image_animation=\u00a0\u00bbnone\u00a0\u00bb border_type=\u00a0\u00bbsimple\u00a0\u00bb column_border_width=\u00a0\u00bbnone\u00a0\u00bb column_border_style=\u00a0\u00bbsolid\u00a0\u00bb][\/vc_column][\/vc_row][vc_row type=\u00a0\u00bbfull_width_content\u00a0\u00bb full_screen_row_position=\u00a0\u00bbmiddle\u00a0\u00bb column_margin=\u00a0\u00bbdefault\u00a0\u00bb column_direction=\u00a0\u00bbdefault\u00a0\u00bb column_direction_tablet=\u00a0\u00bbdefault\u00a0\u00bb column_direction_phone=\u00a0\u00bbdefault\u00a0\u00bb scene_position=\u00a0\u00bbcenter\u00a0\u00bb text_color=\u00a0\u00bbdark\u00a0\u00bb text_align=\u00a0\u00bbleft\u00a0\u00bb row_border_radius=\u00a0\u00bbnone\u00a0\u00bb row_border_radius_applies=\u00a0\u00bbbg\u00a0\u00bb overflow=\u00a0\u00bbvisible\u00a0\u00bb overlay_strength=\u00a0\u00bb0.3&Prime; gradient_direction=\u00a0\u00bbleft_to_right\u00a0\u00bb shape_divider_position=\u00a0\u00bbbottom\u00a0\u00bb bg_image_animation=\u00a0\u00bbnone\u00a0\u00bb shape_type=\u00a0\u00bb\u00a0\u00bb][vc_column column_padding=\u00a0\u00bbno-extra-padding\u00a0\u00bb column_padding_tablet=\u00a0\u00bbinherit\u00a0\u00bb column_padding_phone=\u00a0\u00bbinherit\u00a0\u00bb column_padding_position=\u00a0\u00bball\u00a0\u00bb column_element_direction_desktop=\u00a0\u00bbdefault\u00a0\u00bb column_element_spacing=\u00a0\u00bbdefault\u00a0\u00bb desktop_text_alignment=\u00a0\u00bbdefault\u00a0\u00bb tablet_text_alignment=\u00a0\u00bbdefault\u00a0\u00bb phone_text_alignment=\u00a0\u00bbdefault\u00a0\u00bb background_color_opacity=\u00a0\u00bb1&Prime; background_hover_color_opacity=\u00a0\u00bb1&Prime; column_backdrop_filter=\u00a0\u00bbnone\u00a0\u00bb column_shadow=\u00a0\u00bbnone\u00a0\u00bb column_border_radius=\u00a0\u00bbnone\u00a0\u00bb column_link_target=\u00a0\u00bb_self\u00a0\u00bb column_position=\u00a0\u00bbdefault\u00a0\u00bb gradient_direction=\u00a0\u00bbleft_to_right\u00a0\u00bb overlay_strength=\u00a0\u00bb0.3&Prime; width=\u00a0\u00bb1\/1&Prime; tablet_width_inherit=\u00a0\u00bbdefault\u00a0\u00bb animation_type=\u00a0\u00bbdefault\u00a0\u00bb bg_image_animation=\u00a0\u00bbnone\u00a0\u00bb border_type=\u00a0\u00bbsimple\u00a0\u00bb column_border_width=\u00a0\u00bbnone\u00a0\u00bb column_border_style=\u00a0\u00bbsolid\u00a0\u00bb][nectar_post_grid post_type=\u00a0\u00bbportfolio\u00a0\u00bb portfolio_category=\u00a0\u00bball\u00a0\u00bb order=\u00a0\u00bbDESC\u00a0\u00bb orderby=\u00a0\u00bbdate\u00a0\u00bb pagination=\u00a0\u00bbnone\u00a0\u00bb columns=\u00a0\u00bb2&Prime; grid_item_spacing=\u00a0\u00bbnone\u00a0\u00bb grid_item_height=\u00a0\u00bb30vh\u00a0\u00bb enable_sortable=\u00a0\u00bbyes\u00a0\u00bb sortable_alignment=\u00a0\u00bbdefault\u00a0\u00bb sortable_color=\u00a0\u00bbaccent-color\u00a0\u00bb enable_masonry=\u00a0\u00bbyes\u00a0\u00bb image_size=\u00a0\u00bblarge_featured\u00a0\u00bb image_loading=\u00a0\u00bblazy-load\u00a0\u00bb animation=\u00a0\u00bbnone\u00a0\u00bb heading_tag=\u00a0\u00bbdefault\u00a0\u00bb enable_indicator=\u00a0\u00bbyes\u00a0\u00bb mouse_indicator_style=\u00a0\u00bbdefault\u00a0\u00bb mouse_indicator_text=\u00a0\u00bbview\u00a0\u00bb mouse_indicator_color=\u00a0\u00bb#ff2d2d\u00a0\u00bb category_position=\u00a0\u00bbdefault\u00a0\u00bb display_date=\u00a0\u00bbyes\u00a0\u00bb grid_style=\u00a0\u00bbcontent_overlaid\u00a0\u00bb text_content_layout=\u00a0\u00bball_bottom_left_shadow\u00a0\u00bb color_overlay_opacity=\u00a0\u00bb0&Prime; color_overlay_hover_opacity=\u00a0\u00bb0&Prime; text_color=\u00a0\u00bblight\u00a0\u00bb text_color_hover=\u00a0\u00bblight\u00a0\u00bb text_opacity=\u00a0\u00bb1&Prime; text_hover_opacity=\u00a0\u00bb1&Prime; hover_effect=\u00a0\u00bbslow_zoom\u00a0\u00bb border_radius=\u00a0\u00bbnone\u00a0\u00bb meta_visibility=\u00a0\u00bbalways\u00a0\u00bb posts_per_page=\u00a0\u00bb-1&Prime;][\/vc_column][\/vc_row][vc_row type=\u00a0\u00bbin_container\u00a0\u00bb full_screen_row_position=\u00a0\u00bbmiddle\u00a0\u00bb column_margin=\u00a0\u00bbnone\u00a0\u00bb column_direction=\u00a0\u00bbdefault\u00a0\u00bb column_direction_tablet=\u00a0\u00bbdefault\u00a0\u00bb column_direction_phone=\u00a0\u00bbdefault\u00a0\u00bb scene_position=\u00a0\u00bbcenter\u00a0\u00bb text_color=\u00a0\u00bbdark\u00a0\u00bb text_align=\u00a0\u00bbleft\u00a0\u00bb row_border_radius=\u00a0\u00bbnone\u00a0\u00bb row_border_radius_applies=\u00a0\u00bbbg\u00a0\u00bb zindex=\u00a0\u00bb100&Prime; overflow=\u00a0\u00bbvisible\u00a0\u00bb overlay_strength=\u00a0\u00bb0.3&Prime; gradient_direction=\u00a0\u00bbleft_to_right\u00a0\u00bb shape_divider_position=\u00a0\u00bbbottom\u00a0\u00bb bg_image_animation=\u00a0\u00bbnone\u00a0\u00bb min_width_desktop=\u00a0\u00bb\u00a0\u00bb min_width_tablet=\u00a0\u00bb\u00a0\u00bb min_width_phone=\u00a0\u00bb\u00a0\u00bb row_position=\u00a0\u00bbdefault\u00a0\u00bb row_position_tablet=\u00a0\u00bbinherit\u00a0\u00bb row_position_phone=\u00a0\u00bbinherit\u00a0\u00bb top_position_desktop=\u00a0\u00bb\u00a0\u00bb bottom_position_desktop=\u00a0\u00bb\u00a0\u00bb left_position_desktop=\u00a0\u00bb\u00a0\u00bb right_position_desktop=\u00a0\u00bb\u00a0\u00bb top_position_tablet=\u00a0\u00bb\u00a0\u00bb bottom_position_tablet=\u00a0\u00bb\u00a0\u00bb left_position_tablet=\u00a0\u00bb\u00a0\u00bb right_position_tablet=\u00a0\u00bb\u00a0\u00bb top_position_phone=\u00a0\u00bb\u00a0\u00bb bottom_position_phone=\u00a0\u00bb\u00a0\u00bb left_position_phone=\u00a0\u00bb\u00a0\u00bb right_position_phone=\u00a0\u00bb\u00a0\u00bb pointer_events=\u00a0\u00bball\u00a0\u00bb el_id=\u00a0\u00bb\u00a0\u00bb css=\u00a0\u00bb\u00a0\u00bb][vc_column column_padding=\u00a0\u00bbno-extra-padding\u00a0\u00bb column_padding_tablet=\u00a0\u00bbinherit\u00a0\u00bb column_padding_phone=\u00a0\u00bbinherit\u00a0\u00bb column_padding_position=\u00a0\u00bball\u00a0\u00bb column_element_direction_desktop=\u00a0\u00bbdefault\u00a0\u00bb column_element_spacing=\u00a0\u00bbdefault\u00a0\u00bb desktop_text_alignment=\u00a0\u00bbdefault\u00a0\u00bb tablet_text_alignment=\u00a0\u00bbdefault\u00a0\u00bb phone_text_alignment=\u00a0\u00bbdefault\u00a0\u00bb background_color_opacity=\u00a0\u00bb1&Prime; background_hover_color_opacity=\u00a0\u00bb1&Prime; column_backdrop_filter=\u00a0\u00bbnone\u00a0\u00bb column_shadow=\u00a0\u00bbnone\u00a0\u00bb column_border_radius=\u00a0\u00bbnone\u00a0\u00bb column_link_target=\u00a0\u00bb_self\u00a0\u00bb column_position=\u00a0\u00bbdefault\u00a0\u00bb gradient_direction=\u00a0\u00bbleft_to_right\u00a0\u00bb overlay_strength=\u00a0\u00bb0.3&Prime; width=\u00a0\u00bb1\/1&Prime; tablet_width_inherit=\u00a0\u00bbdefault\u00a0\u00bb animation_type=\u00a0\u00bbdefault\u00a0\u00bb bg_image_animation=\u00a0\u00bbnone\u00a0\u00bb border_type=\u00a0\u00bbsimple\u00a0\u00bb column_border_width=\u00a0\u00bbnone\u00a0\u00bb column_border_style=\u00a0\u00bbsolid\u00a0\u00bb][vc_row_inner column_margin=\u00a0\u00bbnone\u00a0\u00bb column_direction=\u00a0\u00bbdefault\u00a0\u00bb column_direction_tablet=\u00a0\u00bbdefault\u00a0\u00bb column_direction_phone=\u00a0\u00bbdefault\u00a0\u00bb text_align=\u00a0\u00bbleft\u00a0\u00bb row_position=\u00a0\u00bbdefault\u00a0\u00bb row_position_tablet=\u00a0\u00bbinherit\u00a0\u00bb row_position_phone=\u00a0\u00bbinherit\u00a0\u00bb zindex=\u00a0\u00bb100&Prime; overflow=\u00a0\u00bbvisible\u00a0\u00bb pointer_events=\u00a0\u00bball\u00a0\u00bb][\/vc_row_inner][nectar_scrolling_text scroll_direction=\u00a0\u00bbltr\u00a0\u00bb scroll_speed=\u00a0\u00bbslowest\u00a0\u00bb text_color=\u00a0\u00bb#000000&Prime; style=\u00a0\u00bbtext_outline\u00a0\u00bb outline_thickness=\u00a0\u00bbultra-thin\u00a0\u00bb text_repeat_number=\u00a0\u00bb5&Prime; text_repeat_divider=\u00a0\u00bbnone\u00a0\u00bb overflow=\u00a0\u00bbvisible\u00a0\u00bb background_image_animation=\u00a0\u00bbNone\u00a0\u00bb custom_font_size=\u00a0\u00bb11vw\u00a0\u00bb custom_font_size_mobile=\u00a0\u00bb15vw\u00a0\u00bb]<em>QUENTIN BARBEAU\u00a0\u00a0<\/em>[\/nectar_scrolling_text][\/vc_column][\/vc_row]\n","protected":false},"excerpt":{"rendered":"<p>[vc_row type=\u00a0\u00bbin_container\u00a0\u00bb full_screen_row_position=\u00a0\u00bbmiddle\u00a0\u00bb column_margin=\u00a0\u00bbdefault\u00a0\u00bb column_direction=\u00a0\u00bbdefault\u00a0\u00bb column_direction_tablet=\u00a0\u00bbdefault\u00a0\u00bb column_direction_phone=\u00a0\u00bbdefault\u00a0\u00bb scene_position=\u00a0\u00bbcenter\u00a0\u00bb top_margin=\u00a0\u00bb6%\u00a0\u00bb constrain_group_7=\u00a0\u00bbyes\u00a0\u00bb bottom_margin=\u00a0\u00bb6%\u00a0\u00bb text_color=\u00a0\u00bbdark\u00a0\u00bb text_align=\u00a0\u00bbleft\u00a0\u00bb row_border_radius=\u00a0\u00bbnone\u00a0\u00bb row_border_radius_applies=\u00a0\u00bbbg\u00a0\u00bb overflow=\u00a0\u00bbvisible\u00a0\u00bb overlay_strength=\u00a0\u00bb0.3&Prime; gradient_direction=\u00a0\u00bbleft_to_right\u00a0\u00bb shape_divider_position=\u00a0\u00bbbottom\u00a0\u00bb bg_image_animation=\u00a0\u00bbnone\u00a0\u00bb gradient_type=\u00a0\u00bbdefault\u00a0\u00bb shape_type=\u00a0\u00bb\u00a0\u00bb][vc_column column_padding=\u00a0\u00bbno-extra-padding\u00a0\u00bb column_padding_tablet=\u00a0\u00bbinherit\u00a0\u00bb column_padding_phone=\u00a0\u00bbinherit\u00a0\u00bb column_padding_position=\u00a0\u00bball\u00a0\u00bb column_element_direction_desktop=\u00a0\u00bbdefault\u00a0\u00bb column_element_spacing=\u00a0\u00bbdefault\u00a0\u00bb desktop_text_alignment=\u00a0\u00bbdefault\u00a0\u00bb tablet_text_alignment=\u00a0\u00bbdefault\u00a0\u00bb&#8230;<\/p>\n","protected":false},"author":1,"featured_media":0,"parent":0,"menu_order":0,"comment_status":"closed","ping_status":"closed","template":"","meta":{"footnotes":""},"class_list":["post-134","page","type-page","status-publish"],"yoast_head":"<!-- This site is optimized with the Yoast SEO plugin v27.4 - https:\/\/yoast.com\/product\/yoast-seo-wordpress\/ -->\n<title>Mon travail - Quentin Barbeau<\/title>\n<meta name=\"robots\" content=\"index, follow, max-snippet:-1, max-image-preview:large, max-video-preview:-1\" \/>\n<link rel=\"canonical\" href=\"https:\/\/quentinbarbeau.com\/index.php\/mon-travail\/\" \/>\n<meta property=\"og:locale\" content=\"fr_FR\" \/>\n<meta property=\"og:type\" content=\"article\" \/>\n<meta property=\"og:title\" content=\"Mon travail - Quentin Barbeau\" \/>\n<meta property=\"og:description\" content=\"[vc_row type=\u00a0\u00bbin_container\u00a0\u00bb full_screen_row_position=\u00a0\u00bbmiddle\u00a0\u00bb column_margin=\u00a0\u00bbdefault\u00a0\u00bb column_direction=\u00a0\u00bbdefault\u00a0\u00bb column_direction_tablet=\u00a0\u00bbdefault\u00a0\u00bb column_direction_phone=\u00a0\u00bbdefault\u00a0\u00bb scene_position=\u00a0\u00bbcenter\u00a0\u00bb top_margin=\u00a0\u00bb6%\u00a0\u00bb constrain_group_7=\u00a0\u00bbyes\u00a0\u00bb bottom_margin=\u00a0\u00bb6%\u00a0\u00bb text_color=\u00a0\u00bbdark\u00a0\u00bb text_align=\u00a0\u00bbleft\u00a0\u00bb row_border_radius=\u00a0\u00bbnone\u00a0\u00bb row_border_radius_applies=\u00a0\u00bbbg\u00a0\u00bb overflow=\u00a0\u00bbvisible\u00a0\u00bb overlay_strength=\u00a0\u00bb0.3&Prime; gradient_direction=\u00a0\u00bbleft_to_right\u00a0\u00bb shape_divider_position=\u00a0\u00bbbottom\u00a0\u00bb bg_image_animation=\u00a0\u00bbnone\u00a0\u00bb gradient_type=\u00a0\u00bbdefault\u00a0\u00bb shape_type=\u00a0\u00bb\u00a0\u00bb][vc_column column_padding=\u00a0\u00bbno-extra-padding\u00a0\u00bb column_padding_tablet=\u00a0\u00bbinherit\u00a0\u00bb column_padding_phone=\u00a0\u00bbinherit\u00a0\u00bb column_padding_position=\u00a0\u00bball\u00a0\u00bb column_element_direction_desktop=\u00a0\u00bbdefault\u00a0\u00bb column_element_spacing=\u00a0\u00bbdefault\u00a0\u00bb desktop_text_alignment=\u00a0\u00bbdefault\u00a0\u00bb tablet_text_alignment=\u00a0\u00bbdefault\u00a0\u00bb...\" \/>\n<meta property=\"og:url\" content=\"https:\/\/quentinbarbeau.com\/index.php\/mon-travail\/\" \/>\n<meta property=\"og:site_name\" content=\"Quentin Barbeau\" \/>\n<meta property=\"article:modified_time\" content=\"2023-06-08T15:07:19+00:00\" \/>\n<meta property=\"og:image\" content=\"https:\/\/quentinbarbeau.com\/wp-content\/uploads\/2024\/07\/Capture-decran-2024-06-25-112148.png\" \/>\n\t<meta property=\"og:image:width\" content=\"1279\" \/>\n\t<meta property=\"og:image:height\" content=\"825\" \/>\n\t<meta property=\"og:image:type\" content=\"image\/png\" \/>\n<meta name=\"twitter:card\" content=\"summary_large_image\" \/>\n<meta name=\"twitter:label1\" content=\"Dur\u00e9e de lecture estim\u00e9e\" \/>\n\t<meta name=\"twitter:data1\" content=\"2 minutes\" \/>\n<script type=\"application\/ld+json\" class=\"yoast-schema-graph\">{\"@context\":\"https:\\\/\\\/schema.org\",\"@graph\":[{\"@type\":\"WebPage\",\"@id\":\"https:\\\/\\\/quentinbarbeau.com\\\/index.php\\\/mon-travail\\\/\",\"url\":\"https:\\\/\\\/quentinbarbeau.com\\\/index.php\\\/mon-travail\\\/\",\"name\":\"Mon travail - Quentin Barbeau\",\"isPartOf\":{\"@id\":\"https:\\\/\\\/quentinbarbeau.com\\\/#website\"},\"datePublished\":\"2023-05-09T16:06:55+00:00\",\"dateModified\":\"2023-06-08T15:07:19+00:00\",\"breadcrumb\":{\"@id\":\"https:\\\/\\\/quentinbarbeau.com\\\/index.php\\\/mon-travail\\\/#breadcrumb\"},\"inLanguage\":\"fr-FR\",\"potentialAction\":[{\"@type\":\"ReadAction\",\"target\":[\"https:\\\/\\\/quentinbarbeau.com\\\/index.php\\\/mon-travail\\\/\"]}]},{\"@type\":\"BreadcrumbList\",\"@id\":\"https:\\\/\\\/quentinbarbeau.com\\\/index.php\\\/mon-travail\\\/#breadcrumb\",\"itemListElement\":[{\"@type\":\"ListItem\",\"position\":1,\"name\":\"Accueil\",\"item\":\"https:\\\/\\\/quentinbarbeau.com\\\/\"},{\"@type\":\"ListItem\",\"position\":2,\"name\":\"Mon travail\"}]},{\"@type\":\"WebSite\",\"@id\":\"https:\\\/\\\/quentinbarbeau.com\\\/#website\",\"url\":\"https:\\\/\\\/quentinbarbeau.com\\\/\",\"name\":\"Quentin Barbeau\",\"description\":\"Portfolio Quentin Barbeau\",\"publisher\":{\"@id\":\"https:\\\/\\\/quentinbarbeau.com\\\/#organization\"},\"potentialAction\":[{\"@type\":\"SearchAction\",\"target\":{\"@type\":\"EntryPoint\",\"urlTemplate\":\"https:\\\/\\\/quentinbarbeau.com\\\/?s={search_term_string}\"},\"query-input\":{\"@type\":\"PropertyValueSpecification\",\"valueRequired\":true,\"valueName\":\"search_term_string\"}}],\"inLanguage\":\"fr-FR\"},{\"@type\":\"Organization\",\"@id\":\"https:\\\/\\\/quentinbarbeau.com\\\/#organization\",\"name\":\"Portfolio de Quentin Barbeau, webmarketing, communication, e-commerce\",\"alternateName\":\"Quentin Barbeau\",\"url\":\"https:\\\/\\\/quentinbarbeau.com\\\/\",\"logo\":{\"@type\":\"ImageObject\",\"inLanguage\":\"fr-FR\",\"@id\":\"https:\\\/\\\/quentinbarbeau.com\\\/#\\\/schema\\\/logo\\\/image\\\/\",\"url\":\"https:\\\/\\\/quentinbarbeau.com\\\/wp-content\\\/uploads\\\/2023\\\/05\\\/cropped-Plan-de-travail-2-copie-2-100.jpg\",\"contentUrl\":\"https:\\\/\\\/quentinbarbeau.com\\\/wp-content\\\/uploads\\\/2023\\\/05\\\/cropped-Plan-de-travail-2-copie-2-100.jpg\",\"width\":512,\"height\":512,\"caption\":\"Portfolio de Quentin Barbeau, webmarketing, communication, e-commerce\"},\"image\":{\"@id\":\"https:\\\/\\\/quentinbarbeau.com\\\/#\\\/schema\\\/logo\\\/image\\\/\"},\"sameAs\":[\"https:\\\/\\\/www.linkedin.com\\\/in\\\/quentin-barbeau\\\/\"]}]}<\/script>\n<!-- \/ Yoast SEO plugin. -->","yoast_head_json":{"title":"Mon travail - Quentin Barbeau","robots":{"index":"index","follow":"follow","max-snippet":"max-snippet:-1","max-image-preview":"max-image-preview:large","max-video-preview":"max-video-preview:-1"},"canonical":"https:\/\/quentinbarbeau.com\/index.php\/mon-travail\/","og_locale":"fr_FR","og_type":"article","og_title":"Mon travail - Quentin Barbeau","og_description":"[vc_row type=\u00a0\u00bbin_container\u00a0\u00bb full_screen_row_position=\u00a0\u00bbmiddle\u00a0\u00bb column_margin=\u00a0\u00bbdefault\u00a0\u00bb column_direction=\u00a0\u00bbdefault\u00a0\u00bb column_direction_tablet=\u00a0\u00bbdefault\u00a0\u00bb column_direction_phone=\u00a0\u00bbdefault\u00a0\u00bb scene_position=\u00a0\u00bbcenter\u00a0\u00bb top_margin=\u00a0\u00bb6%\u00a0\u00bb constrain_group_7=\u00a0\u00bbyes\u00a0\u00bb bottom_margin=\u00a0\u00bb6%\u00a0\u00bb text_color=\u00a0\u00bbdark\u00a0\u00bb text_align=\u00a0\u00bbleft\u00a0\u00bb row_border_radius=\u00a0\u00bbnone\u00a0\u00bb row_border_radius_applies=\u00a0\u00bbbg\u00a0\u00bb overflow=\u00a0\u00bbvisible\u00a0\u00bb overlay_strength=\u00a0\u00bb0.3&Prime; gradient_direction=\u00a0\u00bbleft_to_right\u00a0\u00bb shape_divider_position=\u00a0\u00bbbottom\u00a0\u00bb bg_image_animation=\u00a0\u00bbnone\u00a0\u00bb gradient_type=\u00a0\u00bbdefault\u00a0\u00bb shape_type=\u00a0\u00bb\u00a0\u00bb][vc_column column_padding=\u00a0\u00bbno-extra-padding\u00a0\u00bb column_padding_tablet=\u00a0\u00bbinherit\u00a0\u00bb column_padding_phone=\u00a0\u00bbinherit\u00a0\u00bb column_padding_position=\u00a0\u00bball\u00a0\u00bb column_element_direction_desktop=\u00a0\u00bbdefault\u00a0\u00bb column_element_spacing=\u00a0\u00bbdefault\u00a0\u00bb desktop_text_alignment=\u00a0\u00bbdefault\u00a0\u00bb tablet_text_alignment=\u00a0\u00bbdefault\u00a0\u00bb...","og_url":"https:\/\/quentinbarbeau.com\/index.php\/mon-travail\/","og_site_name":"Quentin Barbeau","article_modified_time":"2023-06-08T15:07:19+00:00","og_image":[{"width":1279,"height":825,"url":"https:\/\/quentinbarbeau.com\/wp-content\/uploads\/2024\/07\/Capture-decran-2024-06-25-112148.png","type":"image\/png"}],"twitter_card":"summary_large_image","twitter_misc":{"Dur\u00e9e de lecture estim\u00e9e":"2 minutes"},"schema":{"@context":"https:\/\/schema.org","@graph":[{"@type":"WebPage","@id":"https:\/\/quentinbarbeau.com\/index.php\/mon-travail\/","url":"https:\/\/quentinbarbeau.com\/index.php\/mon-travail\/","name":"Mon travail - Quentin Barbeau","isPartOf":{"@id":"https:\/\/quentinbarbeau.com\/#website"},"datePublished":"2023-05-09T16:06:55+00:00","dateModified":"2023-06-08T15:07:19+00:00","breadcrumb":{"@id":"https:\/\/quentinbarbeau.com\/index.php\/mon-travail\/#breadcrumb"},"inLanguage":"fr-FR","potentialAction":[{"@type":"ReadAction","target":["https:\/\/quentinbarbeau.com\/index.php\/mon-travail\/"]}]},{"@type":"BreadcrumbList","@id":"https:\/\/quentinbarbeau.com\/index.php\/mon-travail\/#breadcrumb","itemListElement":[{"@type":"ListItem","position":1,"name":"Accueil","item":"https:\/\/quentinbarbeau.com\/"},{"@type":"ListItem","position":2,"name":"Mon travail"}]},{"@type":"WebSite","@id":"https:\/\/quentinbarbeau.com\/#website","url":"https:\/\/quentinbarbeau.com\/","name":"Quentin Barbeau","description":"Portfolio Quentin Barbeau","publisher":{"@id":"https:\/\/quentinbarbeau.com\/#organization"},"potentialAction":[{"@type":"SearchAction","target":{"@type":"EntryPoint","urlTemplate":"https:\/\/quentinbarbeau.com\/?s={search_term_string}"},"query-input":{"@type":"PropertyValueSpecification","valueRequired":true,"valueName":"search_term_string"}}],"inLanguage":"fr-FR"},{"@type":"Organization","@id":"https:\/\/quentinbarbeau.com\/#organization","name":"Portfolio de Quentin Barbeau, webmarketing, communication, e-commerce","alternateName":"Quentin Barbeau","url":"https:\/\/quentinbarbeau.com\/","logo":{"@type":"ImageObject","inLanguage":"fr-FR","@id":"https:\/\/quentinbarbeau.com\/#\/schema\/logo\/image\/","url":"https:\/\/quentinbarbeau.com\/wp-content\/uploads\/2023\/05\/cropped-Plan-de-travail-2-copie-2-100.jpg","contentUrl":"https:\/\/quentinbarbeau.com\/wp-content\/uploads\/2023\/05\/cropped-Plan-de-travail-2-copie-2-100.jpg","width":512,"height":512,"caption":"Portfolio de Quentin Barbeau, webmarketing, communication, e-commerce"},"image":{"@id":"https:\/\/quentinbarbeau.com\/#\/schema\/logo\/image\/"},"sameAs":["https:\/\/www.linkedin.com\/in\/quentin-barbeau\/"]}]}},"_links":{"self":[{"href":"https:\/\/quentinbarbeau.com\/index.php\/wp-json\/wp\/v2\/pages\/134","targetHints":{"allow":["GET"]}}],"collection":[{"href":"https:\/\/quentinbarbeau.com\/index.php\/wp-json\/wp\/v2\/pages"}],"about":[{"href":"https:\/\/quentinbarbeau.com\/index.php\/wp-json\/wp\/v2\/types\/page"}],"author":[{"embeddable":true,"href":"https:\/\/quentinbarbeau.com\/index.php\/wp-json\/wp\/v2\/users\/1"}],"replies":[{"embeddable":true,"href":"https:\/\/quentinbarbeau.com\/index.php\/wp-json\/wp\/v2\/comments?post=134"}],"version-history":[{"count":14,"href":"https:\/\/quentinbarbeau.com\/index.php\/wp-json\/wp\/v2\/pages\/134\/revisions"}],"predecessor-version":[{"id":464,"href":"https:\/\/quentinbarbeau.com\/index.php\/wp-json\/wp\/v2\/pages\/134\/revisions\/464"}],"wp:attachment":[{"href":"https:\/\/quentinbarbeau.com\/index.php\/wp-json\/wp\/v2\/media?parent=134"}],"curies":[{"name":"wp","href":"https:\/\/api.w.org\/{rel}","templated":true}]}}